{"id":11,"date":"2017-09-22T08:01:03","date_gmt":"2017-09-22T08:01:03","guid":{"rendered":"http:\/\/neu.feuerwehr-hilterfingen.ch\/?page_id=11"},"modified":"2021-09-28T15:27:23","modified_gmt":"2021-09-28T13:27:23","slug":"aufgaben","status":"publish","type":"page","link":"https:\/\/fwho.ch\/index.php\/organisation\/aufgaben\/","title":{"rendered":"Aufgaben"},"content":{"rendered":"<p>Die Feuerwehr hat die Aufgabe, Menschen, Tiere, Pflanzen und Sachen sowie die Umwelt vor Feuer-, Elementar- und andern Schadenereignissen zu sch\u00fctzen. Unser st\u00e4ndiger Auftrag gliedert sich in 5 Phasen und Priorit\u00e4ten:<\/p>\n<p><img loading=\"lazy\" decoding=\"async\" class=\"alignnone wp-image-1032 size-large\" src=\"http:\/\/www.feuerwehr-hilterfingen.ch\/wp-content\/uploads\/2018\/01\/Bildschirmfoto-2018-01-07-um-18.08.35-1024x725.png\" alt=\"\" width=\"780\" height=\"552\" srcset=\"https:\/\/fwho.ch\/wp-content\/uploads\/2018\/01\/Bildschirmfoto-2018-01-07-um-18.08.35-1024x725.png 1024w, https:\/\/fwho.ch\/wp-content\/uploads\/2018\/01\/Bildschirmfoto-2018-01-07-um-18.08.35-300x212.png 300w, https:\/\/fwho.ch\/wp-content\/uploads\/2018\/01\/Bildschirmfoto-2018-01-07-um-18.08.35-768x544.png 768w, https:\/\/fwho.ch\/wp-content\/uploads\/2018\/01\/Bildschirmfoto-2018-01-07-um-18.08.35.png 1354w\" sizes=\"auto, (max-width: 780px) 100vw, 780px\" \/><\/p>\n<p>Gem\u00e4ss Feuerschutz- und Feuerwehrgesetz (FFG) hat die Feuerwehr folgende Aufgaben:<\/p>\n<h5>Hauptaufgabe (Art.13 FFG)<\/h5>\n<p>Die Feuerwehren bek\u00e4mpfen Feuer-, Elementar- und andere Schadenereignisse.<\/p>\n<p>Sie haben insbesondere<\/p>\n<ol>\n<li>Menschen und Tiere zu retten,<\/li>\n<li>Sach- und Umweltsch\u00e4den zu begrenzen,<\/li>\n<li>unmittelbar drohende Sch\u00e4den mit geeigneten Massnahmen abzuwenden,<\/li>\n<li>Schadenereignisse im Rahmen ausserordentlicher Lagen zu bek\u00e4mpfen<\/li>\n<li>beseitigen von unmittelbaren Gefahren nach Br\u00e4nden und Elementarereignissen<\/li>\n<li>Sie arbeiten in geeigneter Weise mit anderen \u00f6rtlichen Einsatzdiensten zusammen.<\/li>\n<\/ol>\n<h5>Zus\u00e4tzliche Aufgaben (Art. 14 FFG)<\/h5>\n<p>Die Feuerwehren leisten auch in anderen Notf\u00e4llen Hilfe, insbesondere wenn Personen gef\u00e4hrdet sind.<\/p>\n","protected":false},"excerpt":{"rendered":"<p>Die Feuerwehr hat die Aufgabe, Menschen, Tiere, Pflanzen und Sachen sowie die Umwelt vor Feuer-, Elementar- und andern Schadenereignissen zu [&hellip;]<\/p>\n","protected":false},"author":1,"featured_media":0,"parent":7,"menu_order":0,"comment_status":"closed","ping_status":"closed","template":"","meta":{"footnotes":""},"class_list":["post-11","page","type-page","status-publish","hentry"],"yoast_head":"<!-- This site is optimized with the Yoast SEO plugin v27.4 - https:\/\/yoast.com\/product\/yoast-seo-wordpress\/ -->\n<title>Aufgaben -<\/title>\n<meta name=\"robots\" content=\"index, follow, max-snippet:-1, max-image-preview:large, max-video-preview:-1\" \/>\n<link rel=\"canonical\" href=\"https:\/\/fwho.ch\/index.php\/organisation\/aufgaben\/\" \/>\n<meta property=\"og:locale\" content=\"de_DE\" \/>\n<meta property=\"og:type\" content=\"article\" \/>\n<meta property=\"og:title\" content=\"Aufgaben -\" \/>\n<meta property=\"og:description\" content=\"Die Feuerwehr hat die Aufgabe, Menschen, Tiere, Pflanzen und Sachen sowie die Umwelt vor Feuer-, Elementar- und andern Schadenereignissen zu [&hellip;]\" \/>\n<meta property=\"og:url\" content=\"https:\/\/fwho.ch\/index.php\/organisation\/aufgaben\/\" \/>\n<meta property=\"article:modified_time\" content=\"2021-09-28T13:27:23+00:00\" \/>\n<meta property=\"og:image\" content=\"http:\/\/www.feuerwehr-hilterfingen.ch\/wp-content\/uploads\/2018\/01\/Bildschirmfoto-2018-01-07-um-18.08.35-1024x725.png\" \/>\n<meta name=\"twitter:card\" content=\"summary_large_image\" \/>\n<meta name=\"twitter:label1\" content=\"Gesch\u00e4tzte Lesezeit\" \/>\n\t<meta name=\"twitter:data1\" content=\"1\u00a0Minute\" \/>\n<script type=\"application\/ld+json\" class=\"yoast-schema-graph\">{\"@context\":\"https:\\\/\\\/schema.org\",\"@graph\":[{\"@type\":\"WebPage\",\"@id\":\"https:\\\/\\\/fwho.ch\\\/index.php\\\/organisation\\\/aufgaben\\\/\",\"url\":\"https:\\\/\\\/fwho.ch\\\/index.php\\\/organisation\\\/aufgaben\\\/\",\"name\":\"Aufgaben -\",\"isPartOf\":{\"@id\":\"https:\\\/\\\/fwho.ch\\\/#website\"},\"primaryImageOfPage\":{\"@id\":\"https:\\\/\\\/fwho.ch\\\/index.php\\\/organisation\\\/aufgaben\\\/#primaryimage\"},\"image\":{\"@id\":\"https:\\\/\\\/fwho.ch\\\/index.php\\\/organisation\\\/aufgaben\\\/#primaryimage\"},\"thumbnailUrl\":\"http:\\\/\\\/www.feuerwehr-hilterfingen.ch\\\/wp-content\\\/uploads\\\/2018\\\/01\\\/Bildschirmfoto-2018-01-07-um-18.08.35-1024x725.png\",\"datePublished\":\"2017-09-22T08:01:03+00:00\",\"dateModified\":\"2021-09-28T13:27:23+00:00\",\"breadcrumb\":{\"@id\":\"https:\\\/\\\/fwho.ch\\\/index.php\\\/organisation\\\/aufgaben\\\/#breadcrumb\"},\"inLanguage\":\"de-CH\",\"potentialAction\":[{\"@type\":\"ReadAction\",\"target\":[\"https:\\\/\\\/fwho.ch\\\/index.php\\\/organisation\\\/aufgaben\\\/\"]}]},{\"@type\":\"ImageObject\",\"inLanguage\":\"de-CH\",\"@id\":\"https:\\\/\\\/fwho.ch\\\/index.php\\\/organisation\\\/aufgaben\\\/#primaryimage\",\"url\":\"http:\\\/\\\/www.feuerwehr-hilterfingen.ch\\\/wp-content\\\/uploads\\\/2018\\\/01\\\/Bildschirmfoto-2018-01-07-um-18.08.35-1024x725.png\",\"contentUrl\":\"http:\\\/\\\/www.feuerwehr-hilterfingen.ch\\\/wp-content\\\/uploads\\\/2018\\\/01\\\/Bildschirmfoto-2018-01-07-um-18.08.35-1024x725.png\"},{\"@type\":\"BreadcrumbList\",\"@id\":\"https:\\\/\\\/fwho.ch\\\/index.php\\\/organisation\\\/aufgaben\\\/#breadcrumb\",\"itemListElement\":[{\"@type\":\"ListItem\",\"position\":1,\"name\":\"Home\",\"item\":\"https:\\\/\\\/fwho.ch\\\/\"},{\"@type\":\"ListItem\",\"position\":2,\"name\":\"Organisation\",\"item\":\"https:\\\/\\\/fwho.ch\\\/index.php\\\/organisation\\\/\"},{\"@type\":\"ListItem\",\"position\":3,\"name\":\"Aufgaben\"}]},{\"@type\":\"WebSite\",\"@id\":\"https:\\\/\\\/fwho.ch\\\/#website\",\"url\":\"https:\\\/\\\/fwho.ch\\\/\",\"name\":\"\",\"description\":\"\",\"publisher\":{\"@id\":\"https:\\\/\\\/fwho.ch\\\/#organization\"},\"potentialAction\":[{\"@type\":\"SearchAction\",\"target\":{\"@type\":\"EntryPoint\",\"urlTemplate\":\"https:\\\/\\\/fwho.ch\\\/?s={search_term_string}\"},\"query-input\":{\"@type\":\"PropertyValueSpecification\",\"valueRequired\":true,\"valueName\":\"search_term_string\"}}],\"inLanguage\":\"de-CH\"},{\"@type\":\"Organization\",\"@id\":\"https:\\\/\\\/fwho.ch\\\/#organization\",\"name\":\"Feuerwehr Hilterfingen\",\"url\":\"https:\\\/\\\/fwho.ch\\\/\",\"logo\":{\"@type\":\"ImageObject\",\"inLanguage\":\"de-CH\",\"@id\":\"https:\\\/\\\/fwho.ch\\\/#\\\/schema\\\/logo\\\/image\\\/\",\"url\":\"https:\\\/\\\/fwho.ch\\\/wp-content\\\/uploads\\\/2022\\\/11\\\/FHO_Logo_farbe-neu.jpg\",\"contentUrl\":\"https:\\\/\\\/fwho.ch\\\/wp-content\\\/uploads\\\/2022\\\/11\\\/FHO_Logo_farbe-neu.jpg\",\"width\":124,\"height\":150,\"caption\":\"Feuerwehr Hilterfingen\"},\"image\":{\"@id\":\"https:\\\/\\\/fwho.ch\\\/#\\\/schema\\\/logo\\\/image\\\/\"}}]}<\/script>\n<!-- \/ Yoast SEO plugin. -->","yoast_head_json":{"title":"Aufgaben -","robots":{"index":"index","follow":"follow","max-snippet":"max-snippet:-1","max-image-preview":"max-image-preview:large","max-video-preview":"max-video-preview:-1"},"canonical":"https:\/\/fwho.ch\/index.php\/organisation\/aufgaben\/","og_locale":"de_DE","og_type":"article","og_title":"Aufgaben -","og_description":"Die Feuerwehr hat die Aufgabe, Menschen, Tiere, Pflanzen und Sachen sowie die Umwelt vor Feuer-, Elementar- und andern Schadenereignissen zu [&hellip;]","og_url":"https:\/\/fwho.ch\/index.php\/organisation\/aufgaben\/","article_modified_time":"2021-09-28T13:27:23+00:00","og_image":[{"url":"http:\/\/www.feuerwehr-hilterfingen.ch\/wp-content\/uploads\/2018\/01\/Bildschirmfoto-2018-01-07-um-18.08.35-1024x725.png","type":"","width":"","height":""}],"twitter_card":"summary_large_image","twitter_misc":{"Gesch\u00e4tzte Lesezeit":"1\u00a0Minute"},"schema":{"@context":"https:\/\/schema.org","@graph":[{"@type":"WebPage","@id":"https:\/\/fwho.ch\/index.php\/organisation\/aufgaben\/","url":"https:\/\/fwho.ch\/index.php\/organisation\/aufgaben\/","name":"Aufgaben -","isPartOf":{"@id":"https:\/\/fwho.ch\/#website"},"primaryImageOfPage":{"@id":"https:\/\/fwho.ch\/index.php\/organisation\/aufgaben\/#primaryimage"},"image":{"@id":"https:\/\/fwho.ch\/index.php\/organisation\/aufgaben\/#primaryimage"},"thumbnailUrl":"http:\/\/www.feuerwehr-hilterfingen.ch\/wp-content\/uploads\/2018\/01\/Bildschirmfoto-2018-01-07-um-18.08.35-1024x725.png","datePublished":"2017-09-22T08:01:03+00:00","dateModified":"2021-09-28T13:27:23+00:00","breadcrumb":{"@id":"https:\/\/fwho.ch\/index.php\/organisation\/aufgaben\/#breadcrumb"},"inLanguage":"de-CH","potentialAction":[{"@type":"ReadAction","target":["https:\/\/fwho.ch\/index.php\/organisation\/aufgaben\/"]}]},{"@type":"ImageObject","inLanguage":"de-CH","@id":"https:\/\/fwho.ch\/index.php\/organisation\/aufgaben\/#primaryimage","url":"http:\/\/www.feuerwehr-hilterfingen.ch\/wp-content\/uploads\/2018\/01\/Bildschirmfoto-2018-01-07-um-18.08.35-1024x725.png","contentUrl":"http:\/\/www.feuerwehr-hilterfingen.ch\/wp-content\/uploads\/2018\/01\/Bildschirmfoto-2018-01-07-um-18.08.35-1024x725.png"},{"@type":"BreadcrumbList","@id":"https:\/\/fwho.ch\/index.php\/organisation\/aufgaben\/#breadcrumb","itemListElement":[{"@type":"ListItem","position":1,"name":"Home","item":"https:\/\/fwho.ch\/"},{"@type":"ListItem","position":2,"name":"Organisation","item":"https:\/\/fwho.ch\/index.php\/organisation\/"},{"@type":"ListItem","position":3,"name":"Aufgaben"}]},{"@type":"WebSite","@id":"https:\/\/fwho.ch\/#website","url":"https:\/\/fwho.ch\/","name":"","description":"","publisher":{"@id":"https:\/\/fwho.ch\/#organization"},"potentialAction":[{"@type":"SearchAction","target":{"@type":"EntryPoint","urlTemplate":"https:\/\/fwho.ch\/?s={search_term_string}"},"query-input":{"@type":"PropertyValueSpecification","valueRequired":true,"valueName":"search_term_string"}}],"inLanguage":"de-CH"},{"@type":"Organization","@id":"https:\/\/fwho.ch\/#organization","name":"Feuerwehr Hilterfingen","url":"https:\/\/fwho.ch\/","logo":{"@type":"ImageObject","inLanguage":"de-CH","@id":"https:\/\/fwho.ch\/#\/schema\/logo\/image\/","url":"https:\/\/fwho.ch\/wp-content\/uploads\/2022\/11\/FHO_Logo_farbe-neu.jpg","contentUrl":"https:\/\/fwho.ch\/wp-content\/uploads\/2022\/11\/FHO_Logo_farbe-neu.jpg","width":124,"height":150,"caption":"Feuerwehr Hilterfingen"},"image":{"@id":"https:\/\/fwho.ch\/#\/schema\/logo\/image\/"}}]}},"_links":{"self":[{"href":"https:\/\/fwho.ch\/index.php\/wp-json\/wp\/v2\/pages\/11","targetHints":{"allow":["GET"]}}],"collection":[{"href":"https:\/\/fwho.ch\/index.php\/wp-json\/wp\/v2\/pages"}],"about":[{"href":"https:\/\/fwho.ch\/index.php\/wp-json\/wp\/v2\/types\/page"}],"author":[{"embeddable":true,"href":"https:\/\/fwho.ch\/index.php\/wp-json\/wp\/v2\/users\/1"}],"replies":[{"embeddable":true,"href":"https:\/\/fwho.ch\/index.php\/wp-json\/wp\/v2\/comments?post=11"}],"version-history":[{"count":13,"href":"https:\/\/fwho.ch\/index.php\/wp-json\/wp\/v2\/pages\/11\/revisions"}],"predecessor-version":[{"id":1636,"href":"https:\/\/fwho.ch\/index.php\/wp-json\/wp\/v2\/pages\/11\/revisions\/1636"}],"up":[{"embeddable":true,"href":"https:\/\/fwho.ch\/index.php\/wp-json\/wp\/v2\/pages\/7"}],"wp:attachment":[{"href":"https:\/\/fwho.ch\/index.php\/wp-json\/wp\/v2\/media?parent=11"}],"curies":[{"name":"wp","href":"https:\/\/api.w.org\/{rel}","templated":true}]}}