{"id":23,"date":"2017-09-22T08:03:41","date_gmt":"2017-09-22T08:03:41","guid":{"rendered":"http:\/\/neu.feuerwehr-hilterfingen.ch\/?page_id=23"},"modified":"2022-06-28T20:02:29","modified_gmt":"2022-06-28T18:02:29","slug":"brandschutz","status":"publish","type":"page","link":"https:\/\/fwho.ch\/index.php\/praevention\/brandschutz\/","title":{"rendered":"Brandschutz"},"content":{"rendered":"<h5><strong>Zuhause kann es brandgef\u00e4hrlich sein.<\/strong><\/h5>\n<p>Die gr\u00f6ssten Brandgefahren lauern im eigenen Heim. Alte und defekte Elektroger\u00e4te, eingeschaltete und vergessene Herdplatten, Kerzen, Grillger\u00e4te und Raucherwaren sind die gef\u00e4hrlichsten Brandstifter in Schweizer Haushalten und f\u00fcr jeden vierten Brand verantwortlich. Die wichtigsten Tipps f\u00fcr den Umgang mit diesen Brandgefahren sind:<\/p>\n<ul>\n<li>Elektroger\u00e4te: Defekte Elektroger\u00e4te reparieren lassen oder ersetzen. Regelm\u00e4ssig die L\u00fcftungsschlitze entstauben<\/li>\n<li>Elektroger\u00e4te nicht im Standby-Betrieb laufen lassen, sondern jedes Mal ganz ausschalten<\/li>\n<li>Kochherd: W\u00e4hrend des Kochens den Herd im Auge behalten und danach alle Herdplatten ausschalten<\/li>\n<li>Kerzen: Kerzen nie unbeaufsichtigt brennen lassen und vor dem Verlassen des Raumes alle Kerzen l\u00f6schen<\/li>\n<li>Grillger\u00e4te: Den Grill nur im Freien benutzen und nie unbeobachtet lassen. Beim Holzgrill nie Anz\u00fcndefl\u00fcssigkeit nachgiessen. Es besteht Explosionsgefahr<\/li>\n<li>Raucherwaren: Sich nie mit einer brennenden Zigarette oder Zigarre aufs Sofa oder ins Bett legen<\/li>\n<li>Merkbl\u00e4tter: Brandgefahren<\/li>\n<\/ul>\n<p>Weitere Informationen erhalten Sie hier:\u00a0<a href=\"https:\/\/www.bfb-cipi.ch\/brandverhuetungs-tipps\">https:\/\/www.bfb-cipi.ch\/brandverhuetungs-tipps<\/a><\/p>\n<p>Quelle: Beratungsstelle f\u00fcr Brandverh\u00fctung<\/p>\n<h5><strong>Rauchwarnmelder retten Leben: einfach und g\u00fcnstig<\/strong><\/h5>\n<p>Sie sind rasch montiert und kosten wenig: Rauchwarnmelder warnen fr\u00fchzeitig \u2013 vor allem Schlafende. Weil jedes Opfer eines zu viel ist, lancierte die GVB im Herbst 2008 die Kampagne \u00abRauch-Signal\u00bb.<\/p>\n<p>Mehr Informationen unter: <a href=\"https:\/\/shop.hausinfo.ch\/rauchwarnmelder-genius-gvb.html\" target=\"_blank\" rel=\"noopener\">https:\/\/shop.hausinfo.ch\/rauchwarnmelder-genius-gvb.html<\/a><\/p>\n<h5><strong>Feuer mit entsprechenden Hilfsmitteln richtig l\u00f6schen und richtig handeln<\/strong><\/h5>\n<p>Leben retten, gr\u00f6ssere Br\u00e4nde und damit teure Sachsch\u00e4den verhindern. Bei korrekter Anwendung ist dies unter Umst\u00e4nden auch mit einfachen L\u00f6schger\u00e4ten wie L\u00f6schdecke, Wasserl\u00f6schposten oder Handfeuerl\u00f6scher m\u00f6glich. Ein Feuer kann \u00fcberall ausbrechen. Machen Sie sich deshalb vorg\u00e4ngig Gedanken \u00fcber den Standort von L\u00f6schger\u00e4ten, Fluchtwegen und Sammelpunkten. Im Notfall ist es daf\u00fcr zu sp\u00e4t!<\/p>\n<p>Kann das Feuer nicht gel\u00f6scht werden oder ist die Brandbek\u00e4mpfung zu gef\u00e4hrlich, so verlassen Sie schnellstm\u00f6glich das Geb\u00e4ude und achten Sie auf folgende Punkte:<\/p>\n<ul>\n<li>Richtiges Verhalten: Alarmieren (Tel. 118) &#8211; Retten &#8211; L\u00f6schen<\/li>\n<li>Fenster und T\u00fcren schliessen<\/li>\n<li>Kann das Geb\u00e4ude infolge verrauchter Treppenh\u00e4user nicht verlassen werden: T\u00fcren abdichten, auf die Feuerwehr warten und sich bei deren Eintreffen am geschlossenen Fenster bemerkbar machen.<\/li>\n<li>Brandstelle \u00fcber Ausg\u00e4nge und Fluchtwege verlassen<\/li>\n<li>Keine Aufz\u00fcge ben\u00fctzen<\/li>\n<li>Muss ein rauchgef\u00fcllter Raum durchquert werden: Auf allen Vieren kriechen. Der heisse Rauch sammelt sich vor allem an der Decke. Am Boden hat es eher gen\u00fcgend Luft zum Atmen und die Sicht ist besser.<\/li>\n<\/ul>\n<h5><strong>Richtig Handels wenns Brennt:<\/strong><\/h5>\n<p><a href=\"http:\/\/www.feuerwehr-hilterfingen.ch\/wp-content\/uploads\/2018\/01\/GVB803_Wastun_wennsbrennt.pdf\"><img loading=\"lazy\" decoding=\"async\" class=\"size-medium wp-image-1166 alignleft\" src=\"http:\/\/www.feuerwehr-hilterfingen.ch\/wp-content\/uploads\/2018\/01\/Wenns-brennt-262x300.jpg\" alt=\"Wenns brennt\" width=\"262\" height=\"300\" srcset=\"https:\/\/fwho.ch\/wp-content\/uploads\/2018\/01\/Wenns-brennt-262x300.jpg 262w, https:\/\/fwho.ch\/wp-content\/uploads\/2018\/01\/Wenns-brennt.jpg 404w\" sizes=\"auto, (max-width: 262px) 100vw, 262px\" \/><\/a><\/p>\n<p>Quelle: Geb\u00e4ude Versicherung Bern<\/p>\n","protected":false},"excerpt":{"rendered":"<p>Zuhause kann es brandgef\u00e4hrlich sein. Die gr\u00f6ssten Brandgefahren lauern im eigenen Heim. Alte und defekte Elektroger\u00e4te, eingeschaltete und vergessene Herdplatten, [&hellip;]<\/p>\n","protected":false},"author":1,"featured_media":80,"parent":21,"menu_order":0,"comment_status":"closed","ping_status":"closed","template":"","meta":{"footnotes":""},"class_list":["post-23","page","type-page","status-publish","has-post-thumbnail","hentry"],"yoast_head":"<!-- This site is optimized with the Yoast SEO plugin v27.4 - https:\/\/yoast.com\/product\/yoast-seo-wordpress\/ -->\n<title>Brandschutz -<\/title>\n<meta name=\"robots\" content=\"index, follow, max-snippet:-1, max-image-preview:large, max-video-preview:-1\" \/>\n<link rel=\"canonical\" href=\"https:\/\/fwho.ch\/index.php\/praevention\/brandschutz\/\" \/>\n<meta property=\"og:locale\" content=\"de_DE\" \/>\n<meta property=\"og:type\" content=\"article\" \/>\n<meta property=\"og:title\" content=\"Brandschutz -\" \/>\n<meta property=\"og:description\" content=\"Zuhause kann es brandgef\u00e4hrlich sein. Die gr\u00f6ssten Brandgefahren lauern im eigenen Heim. Alte und defekte Elektroger\u00e4te, eingeschaltete und vergessene Herdplatten, [&hellip;]\" \/>\n<meta property=\"og:url\" content=\"https:\/\/fwho.ch\/index.php\/praevention\/brandschutz\/\" \/>\n<meta property=\"article:modified_time\" content=\"2022-06-28T18:02:29+00:00\" \/>\n<meta property=\"og:image\" content=\"https:\/\/fwho.ch\/wp-content\/uploads\/2017\/09\/o-FIREFIGHTER-facebook.jpg\" \/>\n\t<meta property=\"og:image:width\" content=\"2000\" \/>\n\t<meta property=\"og:image:height\" content=\"1000\" \/>\n\t<meta property=\"og:image:type\" content=\"image\/jpeg\" \/>\n<meta name=\"twitter:card\" content=\"summary_large_image\" \/>\n<meta name=\"twitter:label1\" content=\"Gesch\u00e4tzte Lesezeit\" \/>\n\t<meta name=\"twitter:data1\" content=\"3\u00a0Minuten\" \/>\n<script type=\"application\/ld+json\" class=\"yoast-schema-graph\">{\"@context\":\"https:\\\/\\\/schema.org\",\"@graph\":[{\"@type\":\"WebPage\",\"@id\":\"https:\\\/\\\/fwho.ch\\\/index.php\\\/praevention\\\/brandschutz\\\/\",\"url\":\"https:\\\/\\\/fwho.ch\\\/index.php\\\/praevention\\\/brandschutz\\\/\",\"name\":\"Brandschutz -\",\"isPartOf\":{\"@id\":\"https:\\\/\\\/fwho.ch\\\/#website\"},\"primaryImageOfPage\":{\"@id\":\"https:\\\/\\\/fwho.ch\\\/index.php\\\/praevention\\\/brandschutz\\\/#primaryimage\"},\"image\":{\"@id\":\"https:\\\/\\\/fwho.ch\\\/index.php\\\/praevention\\\/brandschutz\\\/#primaryimage\"},\"thumbnailUrl\":\"https:\\\/\\\/fwho.ch\\\/wp-content\\\/uploads\\\/2017\\\/09\\\/o-FIREFIGHTER-facebook.jpg\",\"datePublished\":\"2017-09-22T08:03:41+00:00\",\"dateModified\":\"2022-06-28T18:02:29+00:00\",\"breadcrumb\":{\"@id\":\"https:\\\/\\\/fwho.ch\\\/index.php\\\/praevention\\\/brandschutz\\\/#breadcrumb\"},\"inLanguage\":\"de-CH\",\"potentialAction\":[{\"@type\":\"ReadAction\",\"target\":[\"https:\\\/\\\/fwho.ch\\\/index.php\\\/praevention\\\/brandschutz\\\/\"]}]},{\"@type\":\"ImageObject\",\"inLanguage\":\"de-CH\",\"@id\":\"https:\\\/\\\/fwho.ch\\\/index.php\\\/praevention\\\/brandschutz\\\/#primaryimage\",\"url\":\"https:\\\/\\\/fwho.ch\\\/wp-content\\\/uploads\\\/2017\\\/09\\\/o-FIREFIGHTER-facebook.jpg\",\"contentUrl\":\"https:\\\/\\\/fwho.ch\\\/wp-content\\\/uploads\\\/2017\\\/09\\\/o-FIREFIGHTER-facebook.jpg\",\"width\":2000,\"height\":1000,\"caption\":\"Into the fire\"},{\"@type\":\"BreadcrumbList\",\"@id\":\"https:\\\/\\\/fwho.ch\\\/index.php\\\/praevention\\\/brandschutz\\\/#breadcrumb\",\"itemListElement\":[{\"@type\":\"ListItem\",\"position\":1,\"name\":\"Home\",\"item\":\"https:\\\/\\\/fwho.ch\\\/\"},{\"@type\":\"ListItem\",\"position\":2,\"name\":\"Pr\u00e4vention\",\"item\":\"https:\\\/\\\/fwho.ch\\\/index.php\\\/praevention\\\/\"},{\"@type\":\"ListItem\",\"position\":3,\"name\":\"Brandschutz\"}]},{\"@type\":\"WebSite\",\"@id\":\"https:\\\/\\\/fwho.ch\\\/#website\",\"url\":\"https:\\\/\\\/fwho.ch\\\/\",\"name\":\"\",\"description\":\"\",\"publisher\":{\"@id\":\"https:\\\/\\\/fwho.ch\\\/#organization\"},\"potentialAction\":[{\"@type\":\"SearchAction\",\"target\":{\"@type\":\"EntryPoint\",\"urlTemplate\":\"https:\\\/\\\/fwho.ch\\\/?s={search_term_string}\"},\"query-input\":{\"@type\":\"PropertyValueSpecification\",\"valueRequired\":true,\"valueName\":\"search_term_string\"}}],\"inLanguage\":\"de-CH\"},{\"@type\":\"Organization\",\"@id\":\"https:\\\/\\\/fwho.ch\\\/#organization\",\"name\":\"Feuerwehr Hilterfingen\",\"url\":\"https:\\\/\\\/fwho.ch\\\/\",\"logo\":{\"@type\":\"ImageObject\",\"inLanguage\":\"de-CH\",\"@id\":\"https:\\\/\\\/fwho.ch\\\/#\\\/schema\\\/logo\\\/image\\\/\",\"url\":\"https:\\\/\\\/fwho.ch\\\/wp-content\\\/uploads\\\/2022\\\/11\\\/FHO_Logo_farbe-neu.jpg\",\"contentUrl\":\"https:\\\/\\\/fwho.ch\\\/wp-content\\\/uploads\\\/2022\\\/11\\\/FHO_Logo_farbe-neu.jpg\",\"width\":124,\"height\":150,\"caption\":\"Feuerwehr Hilterfingen\"},\"image\":{\"@id\":\"https:\\\/\\\/fwho.ch\\\/#\\\/schema\\\/logo\\\/image\\\/\"}}]}<\/script>\n<!-- \/ Yoast SEO plugin. -->","yoast_head_json":{"title":"Brandschutz -","robots":{"index":"index","follow":"follow","max-snippet":"max-snippet:-1","max-image-preview":"max-image-preview:large","max-video-preview":"max-video-preview:-1"},"canonical":"https:\/\/fwho.ch\/index.php\/praevention\/brandschutz\/","og_locale":"de_DE","og_type":"article","og_title":"Brandschutz -","og_description":"Zuhause kann es brandgef\u00e4hrlich sein. Die gr\u00f6ssten Brandgefahren lauern im eigenen Heim. Alte und defekte Elektroger\u00e4te, eingeschaltete und vergessene Herdplatten, [&hellip;]","og_url":"https:\/\/fwho.ch\/index.php\/praevention\/brandschutz\/","article_modified_time":"2022-06-28T18:02:29+00:00","og_image":[{"width":2000,"height":1000,"url":"https:\/\/fwho.ch\/wp-content\/uploads\/2017\/09\/o-FIREFIGHTER-facebook.jpg","type":"image\/jpeg"}],"twitter_card":"summary_large_image","twitter_misc":{"Gesch\u00e4tzte Lesezeit":"3\u00a0Minuten"},"schema":{"@context":"https:\/\/schema.org","@graph":[{"@type":"WebPage","@id":"https:\/\/fwho.ch\/index.php\/praevention\/brandschutz\/","url":"https:\/\/fwho.ch\/index.php\/praevention\/brandschutz\/","name":"Brandschutz -","isPartOf":{"@id":"https:\/\/fwho.ch\/#website"},"primaryImageOfPage":{"@id":"https:\/\/fwho.ch\/index.php\/praevention\/brandschutz\/#primaryimage"},"image":{"@id":"https:\/\/fwho.ch\/index.php\/praevention\/brandschutz\/#primaryimage"},"thumbnailUrl":"https:\/\/fwho.ch\/wp-content\/uploads\/2017\/09\/o-FIREFIGHTER-facebook.jpg","datePublished":"2017-09-22T08:03:41+00:00","dateModified":"2022-06-28T18:02:29+00:00","breadcrumb":{"@id":"https:\/\/fwho.ch\/index.php\/praevention\/brandschutz\/#breadcrumb"},"inLanguage":"de-CH","potentialAction":[{"@type":"ReadAction","target":["https:\/\/fwho.ch\/index.php\/praevention\/brandschutz\/"]}]},{"@type":"ImageObject","inLanguage":"de-CH","@id":"https:\/\/fwho.ch\/index.php\/praevention\/brandschutz\/#primaryimage","url":"https:\/\/fwho.ch\/wp-content\/uploads\/2017\/09\/o-FIREFIGHTER-facebook.jpg","contentUrl":"https:\/\/fwho.ch\/wp-content\/uploads\/2017\/09\/o-FIREFIGHTER-facebook.jpg","width":2000,"height":1000,"caption":"Into the fire"},{"@type":"BreadcrumbList","@id":"https:\/\/fwho.ch\/index.php\/praevention\/brandschutz\/#breadcrumb","itemListElement":[{"@type":"ListItem","position":1,"name":"Home","item":"https:\/\/fwho.ch\/"},{"@type":"ListItem","position":2,"name":"Pr\u00e4vention","item":"https:\/\/fwho.ch\/index.php\/praevention\/"},{"@type":"ListItem","position":3,"name":"Brandschutz"}]},{"@type":"WebSite","@id":"https:\/\/fwho.ch\/#website","url":"https:\/\/fwho.ch\/","name":"","description":"","publisher":{"@id":"https:\/\/fwho.ch\/#organization"},"potentialAction":[{"@type":"SearchAction","target":{"@type":"EntryPoint","urlTemplate":"https:\/\/fwho.ch\/?s={search_term_string}"},"query-input":{"@type":"PropertyValueSpecification","valueRequired":true,"valueName":"search_term_string"}}],"inLanguage":"de-CH"},{"@type":"Organization","@id":"https:\/\/fwho.ch\/#organization","name":"Feuerwehr Hilterfingen","url":"https:\/\/fwho.ch\/","logo":{"@type":"ImageObject","inLanguage":"de-CH","@id":"https:\/\/fwho.ch\/#\/schema\/logo\/image\/","url":"https:\/\/fwho.ch\/wp-content\/uploads\/2022\/11\/FHO_Logo_farbe-neu.jpg","contentUrl":"https:\/\/fwho.ch\/wp-content\/uploads\/2022\/11\/FHO_Logo_farbe-neu.jpg","width":124,"height":150,"caption":"Feuerwehr Hilterfingen"},"image":{"@id":"https:\/\/fwho.ch\/#\/schema\/logo\/image\/"}}]}},"_links":{"self":[{"href":"https:\/\/fwho.ch\/index.php\/wp-json\/wp\/v2\/pages\/23","targetHints":{"allow":["GET"]}}],"collection":[{"href":"https:\/\/fwho.ch\/index.php\/wp-json\/wp\/v2\/pages"}],"about":[{"href":"https:\/\/fwho.ch\/index.php\/wp-json\/wp\/v2\/types\/page"}],"author":[{"embeddable":true,"href":"https:\/\/fwho.ch\/index.php\/wp-json\/wp\/v2\/users\/1"}],"replies":[{"embeddable":true,"href":"https:\/\/fwho.ch\/index.php\/wp-json\/wp\/v2\/comments?post=23"}],"version-history":[{"count":8,"href":"https:\/\/fwho.ch\/index.php\/wp-json\/wp\/v2\/pages\/23\/revisions"}],"predecessor-version":[{"id":1686,"href":"https:\/\/fwho.ch\/index.php\/wp-json\/wp\/v2\/pages\/23\/revisions\/1686"}],"up":[{"embeddable":true,"href":"https:\/\/fwho.ch\/index.php\/wp-json\/wp\/v2\/pages\/21"}],"wp:featuredmedia":[{"embeddable":true,"href":"https:\/\/fwho.ch\/index.php\/wp-json\/wp\/v2\/media\/80"}],"wp:attachment":[{"href":"https:\/\/fwho.ch\/index.php\/wp-json\/wp\/v2\/media?parent=23"}],"curies":[{"name":"wp","href":"https:\/\/api.w.org\/{rel}","templated":true}]}}