{"id":31,"date":"2017-09-22T08:04:44","date_gmt":"2017-09-22T08:04:44","guid":{"rendered":"http:\/\/neu.feuerwehr-hilterfingen.ch\/?page_id=31"},"modified":"2018-01-02T12:46:40","modified_gmt":"2018-01-02T12:46:40","slug":"sturm","status":"publish","type":"page","link":"https:\/\/fwho.ch\/index.php\/praevention\/sturm\/","title":{"rendered":"Sturm"},"content":{"rendered":"<p>Als Sturm gilt bei den Geb\u00e4udeversicherungen \u00a0Wind mit einer \u00fcber 10 Minuten gemittelten Geschwindigkeit von 63 km\/h. Als Orkan gilt Wind mit einer Windst\u00e4rke 12 bzw. Geschwindigkeit von \u00fcber 118 km\/h. Auch F\u00f6hnst\u00fcrme und Gewitterb\u00f6en k\u00f6nnen Orkanst\u00e4rke erreichen. Wirbelwinde (Tromben, Tornados und Windhosen) haben ein schlauchf\u00f6rmiges Aussehen. Die Windgeschwindigkeiten erreichen im Extremfall mehrere hundert Kilometer pro Stunde. Treffen Sie richtige Schutzmassnahmen und verhalten Sie sich bei Sturm richtig.<\/p>\n<p>Weiterf\u00fchrende Informationen unter <a href=\"https:\/\/www.hausinfo.ch\/de\/home\/versicherung-sicherheit\/elementarereignisse\/sturm.html\" target=\"_blank\" rel=\"noopener\">hausinfo.ch<\/a><\/p>\n<p>Quelle: <a href=\"https:\/\/www.hausinfo.ch\/de\/home.html\" target=\"_blank\" rel=\"noopener\">hausinfo.ch<\/a><\/p>\n","protected":false},"excerpt":{"rendered":"<p>Als Sturm gilt bei den Geb\u00e4udeversicherungen \u00a0Wind mit einer \u00fcber 10 Minuten gemittelten Geschwindigkeit von 63 km\/h. Als Orkan gilt [&hellip;]<\/p>\n","protected":false},"author":1,"featured_media":0,"parent":21,"menu_order":0,"comment_status":"closed","ping_status":"closed","template":"","meta":{"footnotes":""},"class_list":["post-31","page","type-page","status-publish","hentry"],"yoast_head":"<!-- This site is optimized with the Yoast SEO plugin v27.4 - https:\/\/yoast.com\/product\/yoast-seo-wordpress\/ -->\n<title>Sturm -<\/title>\n<meta name=\"robots\" content=\"index, follow, max-snippet:-1, max-image-preview:large, max-video-preview:-1\" \/>\n<link rel=\"canonical\" href=\"https:\/\/fwho.ch\/index.php\/praevention\/sturm\/\" \/>\n<meta property=\"og:locale\" content=\"de_DE\" \/>\n<meta property=\"og:type\" content=\"article\" \/>\n<meta property=\"og:title\" content=\"Sturm -\" \/>\n<meta property=\"og:description\" content=\"Als Sturm gilt bei den Geb\u00e4udeversicherungen \u00a0Wind mit einer \u00fcber 10 Minuten gemittelten Geschwindigkeit von 63 km\/h. Als Orkan gilt [&hellip;]\" \/>\n<meta property=\"og:url\" content=\"https:\/\/fwho.ch\/index.php\/praevention\/sturm\/\" \/>\n<meta property=\"article:modified_time\" content=\"2018-01-02T12:46:40+00:00\" \/>\n<meta name=\"twitter:card\" content=\"summary_large_image\" \/>\n<script type=\"application\/ld+json\" class=\"yoast-schema-graph\">{\"@context\":\"https:\\\/\\\/schema.org\",\"@graph\":[{\"@type\":\"WebPage\",\"@id\":\"https:\\\/\\\/fwho.ch\\\/index.php\\\/praevention\\\/sturm\\\/\",\"url\":\"https:\\\/\\\/fwho.ch\\\/index.php\\\/praevention\\\/sturm\\\/\",\"name\":\"Sturm -\",\"isPartOf\":{\"@id\":\"https:\\\/\\\/fwho.ch\\\/#website\"},\"datePublished\":\"2017-09-22T08:04:44+00:00\",\"dateModified\":\"2018-01-02T12:46:40+00:00\",\"breadcrumb\":{\"@id\":\"https:\\\/\\\/fwho.ch\\\/index.php\\\/praevention\\\/sturm\\\/#breadcrumb\"},\"inLanguage\":\"de-CH\",\"potentialAction\":[{\"@type\":\"ReadAction\",\"target\":[\"https:\\\/\\\/fwho.ch\\\/index.php\\\/praevention\\\/sturm\\\/\"]}]},{\"@type\":\"BreadcrumbList\",\"@id\":\"https:\\\/\\\/fwho.ch\\\/index.php\\\/praevention\\\/sturm\\\/#breadcrumb\",\"itemListElement\":[{\"@type\":\"ListItem\",\"position\":1,\"name\":\"Home\",\"item\":\"https:\\\/\\\/fwho.ch\\\/\"},{\"@type\":\"ListItem\",\"position\":2,\"name\":\"Pr\u00e4vention\",\"item\":\"https:\\\/\\\/fwho.ch\\\/index.php\\\/praevention\\\/\"},{\"@type\":\"ListItem\",\"position\":3,\"name\":\"Sturm\"}]},{\"@type\":\"WebSite\",\"@id\":\"https:\\\/\\\/fwho.ch\\\/#website\",\"url\":\"https:\\\/\\\/fwho.ch\\\/\",\"name\":\"\",\"description\":\"\",\"publisher\":{\"@id\":\"https:\\\/\\\/fwho.ch\\\/#organization\"},\"potentialAction\":[{\"@type\":\"SearchAction\",\"target\":{\"@type\":\"EntryPoint\",\"urlTemplate\":\"https:\\\/\\\/fwho.ch\\\/?s={search_term_string}\"},\"query-input\":{\"@type\":\"PropertyValueSpecification\",\"valueRequired\":true,\"valueName\":\"search_term_string\"}}],\"inLanguage\":\"de-CH\"},{\"@type\":\"Organization\",\"@id\":\"https:\\\/\\\/fwho.ch\\\/#organization\",\"name\":\"Feuerwehr Hilterfingen\",\"url\":\"https:\\\/\\\/fwho.ch\\\/\",\"logo\":{\"@type\":\"ImageObject\",\"inLanguage\":\"de-CH\",\"@id\":\"https:\\\/\\\/fwho.ch\\\/#\\\/schema\\\/logo\\\/image\\\/\",\"url\":\"https:\\\/\\\/fwho.ch\\\/wp-content\\\/uploads\\\/2022\\\/11\\\/FHO_Logo_farbe-neu.jpg\",\"contentUrl\":\"https:\\\/\\\/fwho.ch\\\/wp-content\\\/uploads\\\/2022\\\/11\\\/FHO_Logo_farbe-neu.jpg\",\"width\":124,\"height\":150,\"caption\":\"Feuerwehr Hilterfingen\"},\"image\":{\"@id\":\"https:\\\/\\\/fwho.ch\\\/#\\\/schema\\\/logo\\\/image\\\/\"}}]}<\/script>\n<!-- \/ Yoast SEO plugin. -->","yoast_head_json":{"title":"Sturm -","robots":{"index":"index","follow":"follow","max-snippet":"max-snippet:-1","max-image-preview":"max-image-preview:large","max-video-preview":"max-video-preview:-1"},"canonical":"https:\/\/fwho.ch\/index.php\/praevention\/sturm\/","og_locale":"de_DE","og_type":"article","og_title":"Sturm -","og_description":"Als Sturm gilt bei den Geb\u00e4udeversicherungen \u00a0Wind mit einer \u00fcber 10 Minuten gemittelten Geschwindigkeit von 63 km\/h. Als Orkan gilt [&hellip;]","og_url":"https:\/\/fwho.ch\/index.php\/praevention\/sturm\/","article_modified_time":"2018-01-02T12:46:40+00:00","twitter_card":"summary_large_image","schema":{"@context":"https:\/\/schema.org","@graph":[{"@type":"WebPage","@id":"https:\/\/fwho.ch\/index.php\/praevention\/sturm\/","url":"https:\/\/fwho.ch\/index.php\/praevention\/sturm\/","name":"Sturm -","isPartOf":{"@id":"https:\/\/fwho.ch\/#website"},"datePublished":"2017-09-22T08:04:44+00:00","dateModified":"2018-01-02T12:46:40+00:00","breadcrumb":{"@id":"https:\/\/fwho.ch\/index.php\/praevention\/sturm\/#breadcrumb"},"inLanguage":"de-CH","potentialAction":[{"@type":"ReadAction","target":["https:\/\/fwho.ch\/index.php\/praevention\/sturm\/"]}]},{"@type":"BreadcrumbList","@id":"https:\/\/fwho.ch\/index.php\/praevention\/sturm\/#breadcrumb","itemListElement":[{"@type":"ListItem","position":1,"name":"Home","item":"https:\/\/fwho.ch\/"},{"@type":"ListItem","position":2,"name":"Pr\u00e4vention","item":"https:\/\/fwho.ch\/index.php\/praevention\/"},{"@type":"ListItem","position":3,"name":"Sturm"}]},{"@type":"WebSite","@id":"https:\/\/fwho.ch\/#website","url":"https:\/\/fwho.ch\/","name":"","description":"","publisher":{"@id":"https:\/\/fwho.ch\/#organization"},"potentialAction":[{"@type":"SearchAction","target":{"@type":"EntryPoint","urlTemplate":"https:\/\/fwho.ch\/?s={search_term_string}"},"query-input":{"@type":"PropertyValueSpecification","valueRequired":true,"valueName":"search_term_string"}}],"inLanguage":"de-CH"},{"@type":"Organization","@id":"https:\/\/fwho.ch\/#organization","name":"Feuerwehr Hilterfingen","url":"https:\/\/fwho.ch\/","logo":{"@type":"ImageObject","inLanguage":"de-CH","@id":"https:\/\/fwho.ch\/#\/schema\/logo\/image\/","url":"https:\/\/fwho.ch\/wp-content\/uploads\/2022\/11\/FHO_Logo_farbe-neu.jpg","contentUrl":"https:\/\/fwho.ch\/wp-content\/uploads\/2022\/11\/FHO_Logo_farbe-neu.jpg","width":124,"height":150,"caption":"Feuerwehr Hilterfingen"},"image":{"@id":"https:\/\/fwho.ch\/#\/schema\/logo\/image\/"}}]}},"_links":{"self":[{"href":"https:\/\/fwho.ch\/index.php\/wp-json\/wp\/v2\/pages\/31","targetHints":{"allow":["GET"]}}],"collection":[{"href":"https:\/\/fwho.ch\/index.php\/wp-json\/wp\/v2\/pages"}],"about":[{"href":"https:\/\/fwho.ch\/index.php\/wp-json\/wp\/v2\/types\/page"}],"author":[{"embeddable":true,"href":"https:\/\/fwho.ch\/index.php\/wp-json\/wp\/v2\/users\/1"}],"replies":[{"embeddable":true,"href":"https:\/\/fwho.ch\/index.php\/wp-json\/wp\/v2\/comments?post=31"}],"version-history":[{"count":5,"href":"https:\/\/fwho.ch\/index.php\/wp-json\/wp\/v2\/pages\/31\/revisions"}],"predecessor-version":[{"id":846,"href":"https:\/\/fwho.ch\/index.php\/wp-json\/wp\/v2\/pages\/31\/revisions\/846"}],"up":[{"embeddable":true,"href":"https:\/\/fwho.ch\/index.php\/wp-json\/wp\/v2\/pages\/21"}],"wp:attachment":[{"href":"https:\/\/fwho.ch\/index.php\/wp-json\/wp\/v2\/media?parent=31"}],"curies":[{"name":"wp","href":"https:\/\/api.w.org\/{rel}","templated":true}]}}